{"id":3168,"date":"2023-03-31T07:10:04","date_gmt":"2023-03-31T05:10:04","guid":{"rendered":"https:\/\/dc-system.dk\/assembly\/"},"modified":"2024-03-13T17:25:59","modified_gmt":"2024-03-13T16:25:59","slug":"assembly","status":"publish","type":"page","link":"https:\/\/dc-system.dk\/en\/assembly\/","title":{"rendered":"Assembly"},"content":{"rendered":"\t\t<div data-elementor-type=\"wp-page\" data-elementor-id=\"3168\" class=\"elementor elementor-3168 elementor-1251\" data-elementor-post-type=\"page\">\n\t\t\t\t\t\t<section class=\"elementor-section elementor-top-section elementor-element elementor-element-69ba188 elementor-section-boxed elementor-section-height-default elementor-section-height-default\" data-id=\"69ba188\" data-element_type=\"section\" data-e-type=\"section\" data-settings=\"{&quot;jet_parallax_layout_list&quot;:[]}\">\n\t\t\t\t\t\t<div class=\"elementor-container elementor-column-gap-default\">\n\t\t\t\t\t<div class=\"elementor-column elementor-col-100 elementor-top-column elementor-element elementor-element-c046cdf\" data-id=\"c046cdf\" data-element_type=\"column\" data-e-type=\"column\">\n\t\t\t<div class=\"elementor-widget-wrap elementor-element-populated\">\n\t\t\t\t\t\t<div class=\"elementor-element elementor-element-7b2a303 elementor-widget elementor-widget-heading\" data-id=\"7b2a303\" data-element_type=\"widget\" data-e-type=\"widget\" data-widget_type=\"heading.default\">\n\t\t\t\t<div class=\"elementor-widget-container\">\n\t\t\t\t\t<h2 class=\"elementor-heading-title elementor-size-default\">Installation of DC panels\n<\/h2>\t\t\t\t<\/div>\n\t\t\t\t<\/div>\n\t\t\t\t<div class=\"elementor-element elementor-element-8816d0b elementor-widget elementor-widget-text-editor\" data-id=\"8816d0b\" data-element_type=\"widget\" data-e-type=\"widget\" data-widget_type=\"text-editor.default\">\n\t\t\t\t<div class=\"elementor-widget-container\">\n\t\t\t\t\t\t\t\t\t<p>DC panels are molded with strong eccentric locks that pull the panels together during assembly.<br \/>Before the interlocking of the panels, a special is applied to the bent board edges<br \/>DC Sealant, which achieves a tight seal against moisture penetration.<\/p>\n<p>Fugen opfylder de veterin\u00e6rm\u00e6ssige krav til f\u00f8devareindustrien, herunder reng\u00f8ring, hvor dette er p\u00e5kr\u00e6vet. The joint meets the veterinary requirements for the food industry, including cleaning where this is required.<\/p>\n<p>ATTENTION! There are, however, some of our panels which do not have this collection &#8211; see the data sheet for the individual panel type.<\/p>\n\t\t\t\t\t\t\t\t<\/div>\n\t\t\t\t<\/div>\n\t\t\t\t<div class=\"elementor-element elementor-element-9a675c3 elementor-widget elementor-widget-image\" data-id=\"9a675c3\" data-element_type=\"widget\" data-e-type=\"widget\" data-widget_type=\"image.default\">\n\t\t\t\t<div class=\"elementor-widget-container\">\n\t\t\t\t\t\t\t\t\t\t\t\t\t\t\t<img fetchpriority=\"high\" decoding=\"async\" width=\"780\" height=\"585\" src=\"https:\/\/dc-system.dk\/wp-content\/uploads\/2023\/03\/Sammensaetning-af-paneler.jpg\" class=\"attachment-large size-large wp-image-2956\" alt=\"\" srcset=\"https:\/\/dc-system.dk\/wp-content\/uploads\/2023\/03\/Sammensaetning-af-paneler.jpg 780w, https:\/\/dc-system.dk\/wp-content\/uploads\/2023\/03\/Sammensaetning-af-paneler-300x225.jpg 300w, https:\/\/dc-system.dk\/wp-content\/uploads\/2023\/03\/Sammensaetning-af-paneler-768x576.jpg 768w\" sizes=\"(max-width: 780px) 100vw, 780px\" \/>\t\t\t\t\t\t\t\t\t\t\t\t\t\t\t<\/div>\n\t\t\t\t<\/div>\n\t\t\t\t<div class=\"elementor-element elementor-element-e814570 elementor-widget elementor-widget-text-editor\" data-id=\"e814570\" data-element_type=\"widget\" data-e-type=\"widget\" data-widget_type=\"text-editor.default\">\n\t\t\t\t<div class=\"elementor-widget-container\">\n\t\t\t\t\t\t\t\t\t<\/p>\n<div class=\"fusion-row\">\n<section id=\"content\" class=\"full-width\">\n<div id=\"post-2891\" class=\"post-2891 page type-page status-publish hentry\">\n<div class=\"post-content\">\n<div class=\"fusion-fullwidth fullwidth-box fusion-builder-row-1 nonhundred-percent-fullwidth non-hundred-percent-height-scrolling\">\n<div class=\"fusion-builder-row fusion-row\">\n<div class=\"fusion-layout-column fusion_builder_column fusion-builder-column-0 fusion_builder_column_1_1 1_1 fusion-one-full fusion-column-first fusion-column-last\">\n<div class=\"fusion-column-wrapper fusion-flex-column-wrapper-legacy\">\n<div class=\"fusion-text fusion-text-2\">\n<h3>Course of action:<\/h3>\n<p>Sealant is applied to the edge of the panels, after which they are pushed together and locked by turning the locking key in the locking hole. The excess sealant is scraped away with the bottom of the silicone tube and the hole is closed with the enclosed plug.<\/p>\n<\/div>\n<div class=\"fusion-clearfix\"> <\/div>\n<\/div>\n<\/div>\n<\/div>\n<\/div>\n<\/div>\n<\/div>\n<\/section>\n<\/div>\n<div class=\"fusion-footer\">\n<footer class=\"fusion-footer-widget-area fusion-widget-area\">\n<div class=\"fusion-row\">\n<div class=\"fusion-columns fusion-columns-4 fusion-widget-area\">\n<div class=\"fusion-column col-lg-3 col-md-3 col-sm-3\">\n<section id=\"text-12\" class=\"fusion-footer-widget-column widget widget_text\">\n<div class=\"textwidget\"> <\/div>\n<\/section>\n<\/div>\n<\/div>\n<\/div>\n<\/footer>\n<\/div>\n\t\t\t\t\t\t\t\t<\/div>\n\t\t\t\t<\/div>\n\t\t\t\t\t<\/div>\n\t\t<\/div>\n\t\t\t\t\t<\/div>\n\t\t<\/section>\n\t\t\t\t<\/div>\n\t\t","protected":false},"excerpt":{"rendered":"<p>Installation of DC panels DC panels are molded with strong eccentric locks that pull the panels together during assembly.Before the interlocking of the panels, a special is applied to the bent board edgesDC Sealant, which achieves a tight seal against moisture penetration. Fugen opfylder de veterin\u00e6rm\u00e6ssige krav til f\u00f8devareindustrien, herunder reng\u00f8ring, hvor dette er p\u00e5kr\u00e6vet. [&hellip;]<\/p>\n","protected":false},"author":2,"featured_media":0,"parent":0,"menu_order":0,"comment_status":"closed","ping_status":"closed","template":"","meta":{"footnotes":""},"class_list":["post-3168","page","type-page","status-publish","hentry"],"yoast_head":"<!-- This site is optimized with the Yoast SEO plugin v27.5 - https:\/\/yoast.com\/product\/yoast-seo-wordpress\/ -->\n<title>Revolutionary Panels with Powerful Locks from DC-System<\/title>\n<meta name=\"description\" content=\"Access DC-System&#039;s panels, equipped with powerful locks and a unique sealant that not only creates a durable construction, but also sets new standards for quality and reliability.\" \/>\n<meta name=\"robots\" content=\"index, follow, max-snippet:-1, max-image-preview:large, max-video-preview:-1\" \/>\n<meta property=\"og:locale\" content=\"en_US\" \/>\n<meta property=\"og:type\" content=\"article\" \/>\n<meta property=\"og:title\" content=\"Revolutionary Panels with Powerful Locks from DC-System\" \/>\n<meta property=\"og:description\" content=\"Access DC-System&#039;s panels, equipped with powerful locks and a unique sealant that not only creates a durable construction, but also sets new standards for quality and reliability.\" \/>\n<meta property=\"og:url\" content=\"https:\/\/dc-system.dk\/en\/assembly\/\" \/>\n<meta property=\"og:site_name\" content=\"dc-system.dk\" \/>\n<meta property=\"article:publisher\" content=\"https:\/\/www.facebook.com\/dcsystem.dk\" \/>\n<meta property=\"article:modified_time\" content=\"2024-03-13T16:25:59+00:00\" \/>\n<meta property=\"og:image\" content=\"https:\/\/dc-system.dk\/wp-content\/uploads\/2023\/03\/Sammensaetning-af-paneler.jpg\" \/>\n<meta name=\"twitter:card\" content=\"summary_large_image\" \/>\n<meta name=\"twitter:label1\" content=\"Est. reading time\" \/>\n\t<meta name=\"twitter:data1\" content=\"1 minute\" \/>\n<script type=\"application\/ld+json\" class=\"yoast-schema-graph\">{\"@context\":\"https:\\\/\\\/schema.org\",\"@graph\":[{\"@type\":\"WebPage\",\"@id\":\"https:\\\/\\\/dc-system.dk\\\/en\\\/assembly\\\/\",\"url\":\"https:\\\/\\\/dc-system.dk\\\/en\\\/assembly\\\/\",\"name\":\"Revolutionary Panels with Powerful Locks from DC-System\",\"isPartOf\":{\"@id\":\"https:\\\/\\\/dc-system.dk\\\/en\\\/#website\"},\"primaryImageOfPage\":{\"@id\":\"https:\\\/\\\/dc-system.dk\\\/en\\\/assembly\\\/#primaryimage\"},\"image\":{\"@id\":\"https:\\\/\\\/dc-system.dk\\\/en\\\/assembly\\\/#primaryimage\"},\"thumbnailUrl\":\"https:\\\/\\\/dc-system.dk\\\/wp-content\\\/uploads\\\/2023\\\/03\\\/Sammensaetning-af-paneler.jpg\",\"datePublished\":\"2023-03-31T05:10:04+00:00\",\"dateModified\":\"2024-03-13T16:25:59+00:00\",\"description\":\"Access DC-System's panels, equipped with powerful locks and a unique sealant that not only creates a durable construction, but also sets new standards for quality and reliability.\",\"breadcrumb\":{\"@id\":\"https:\\\/\\\/dc-system.dk\\\/en\\\/assembly\\\/#breadcrumb\"},\"inLanguage\":\"en-US\",\"potentialAction\":[{\"@type\":\"ReadAction\",\"target\":[\"https:\\\/\\\/dc-system.dk\\\/en\\\/assembly\\\/\"]}]},{\"@type\":\"ImageObject\",\"inLanguage\":\"en-US\",\"@id\":\"https:\\\/\\\/dc-system.dk\\\/en\\\/assembly\\\/#primaryimage\",\"url\":\"https:\\\/\\\/dc-system.dk\\\/wp-content\\\/uploads\\\/2023\\\/03\\\/Sammensaetning-af-paneler.jpg\",\"contentUrl\":\"https:\\\/\\\/dc-system.dk\\\/wp-content\\\/uploads\\\/2023\\\/03\\\/Sammensaetning-af-paneler.jpg\"},{\"@type\":\"BreadcrumbList\",\"@id\":\"https:\\\/\\\/dc-system.dk\\\/en\\\/assembly\\\/#breadcrumb\",\"itemListElement\":[{\"@type\":\"ListItem\",\"position\":1,\"name\":\"Hjem\",\"item\":\"https:\\\/\\\/dc-system.dk\\\/en\\\/\"},{\"@type\":\"ListItem\",\"position\":2,\"name\":\"Assembly\"}]},{\"@type\":\"WebSite\",\"@id\":\"https:\\\/\\\/dc-system.dk\\\/en\\\/#website\",\"url\":\"https:\\\/\\\/dc-system.dk\\\/en\\\/\",\"name\":\"DC-System Insulation A\\\/S\",\"description\":\"Isoleringpaneler skr\u00e6ddersyet til dig: Totall\u00f8sninger fra DC-System\",\"publisher\":{\"@id\":\"https:\\\/\\\/dc-system.dk\\\/en\\\/#organization\"},\"alternateName\":\"DC-System\",\"potentialAction\":[{\"@type\":\"SearchAction\",\"target\":{\"@type\":\"EntryPoint\",\"urlTemplate\":\"https:\\\/\\\/dc-system.dk\\\/en\\\/?s={search_term_string}\"},\"query-input\":{\"@type\":\"PropertyValueSpecification\",\"valueRequired\":true,\"valueName\":\"search_term_string\"}}],\"inLanguage\":\"en-US\"},{\"@type\":\"Organization\",\"@id\":\"https:\\\/\\\/dc-system.dk\\\/en\\\/#organization\",\"name\":\"DC-System Insulation A\\\/S\",\"alternateName\":\"DC-System\",\"url\":\"https:\\\/\\\/dc-system.dk\\\/en\\\/\",\"logo\":{\"@type\":\"ImageObject\",\"inLanguage\":\"en-US\",\"@id\":\"https:\\\/\\\/dc-system.dk\\\/en\\\/#\\\/schema\\\/logo\\\/image\\\/\",\"url\":\"https:\\\/\\\/dc-system.dk\\\/wp-content\\\/uploads\\\/2024\\\/02\\\/408875452_847184820741371_8654039629149664684_n.jpg\",\"contentUrl\":\"https:\\\/\\\/dc-system.dk\\\/wp-content\\\/uploads\\\/2024\\\/02\\\/408875452_847184820741371_8654039629149664684_n.jpg\",\"width\":1244,\"height\":1026,\"caption\":\"DC-System Insulation A\\\/S\"},\"image\":{\"@id\":\"https:\\\/\\\/dc-system.dk\\\/en\\\/#\\\/schema\\\/logo\\\/image\\\/\"},\"sameAs\":[\"https:\\\/\\\/www.facebook.com\\\/dcsystem.dk\",\"https:\\\/\\\/dk.linkedin.com\\\/company\\\/dc-system-insulation-a-s\",\"https:\\\/\\\/www.instagram.com\\\/dcsystem1973\"]}]}<\/script>\n<!-- \/ Yoast SEO plugin. -->","yoast_head_json":{"title":"Revolutionary Panels with Powerful Locks from DC-System","description":"Access DC-System's panels, equipped with powerful locks and a unique sealant that not only creates a durable construction, but also sets new standards for quality and reliability.","robots":{"index":"index","follow":"follow","max-snippet":"max-snippet:-1","max-image-preview":"max-image-preview:large","max-video-preview":"max-video-preview:-1"},"og_locale":"en_US","og_type":"article","og_title":"Revolutionary Panels with Powerful Locks from DC-System","og_description":"Access DC-System's panels, equipped with powerful locks and a unique sealant that not only creates a durable construction, but also sets new standards for quality and reliability.","og_url":"https:\/\/dc-system.dk\/en\/assembly\/","og_site_name":"dc-system.dk","article_publisher":"https:\/\/www.facebook.com\/dcsystem.dk","article_modified_time":"2024-03-13T16:25:59+00:00","og_image":[{"url":"https:\/\/dc-system.dk\/wp-content\/uploads\/2023\/03\/Sammensaetning-af-paneler.jpg","type":"","width":"","height":""}],"twitter_card":"summary_large_image","twitter_misc":{"Est. reading time":"1 minute"},"schema":{"@context":"https:\/\/schema.org","@graph":[{"@type":"WebPage","@id":"https:\/\/dc-system.dk\/en\/assembly\/","url":"https:\/\/dc-system.dk\/en\/assembly\/","name":"Revolutionary Panels with Powerful Locks from DC-System","isPartOf":{"@id":"https:\/\/dc-system.dk\/en\/#website"},"primaryImageOfPage":{"@id":"https:\/\/dc-system.dk\/en\/assembly\/#primaryimage"},"image":{"@id":"https:\/\/dc-system.dk\/en\/assembly\/#primaryimage"},"thumbnailUrl":"https:\/\/dc-system.dk\/wp-content\/uploads\/2023\/03\/Sammensaetning-af-paneler.jpg","datePublished":"2023-03-31T05:10:04+00:00","dateModified":"2024-03-13T16:25:59+00:00","description":"Access DC-System's panels, equipped with powerful locks and a unique sealant that not only creates a durable construction, but also sets new standards for quality and reliability.","breadcrumb":{"@id":"https:\/\/dc-system.dk\/en\/assembly\/#breadcrumb"},"inLanguage":"en-US","potentialAction":[{"@type":"ReadAction","target":["https:\/\/dc-system.dk\/en\/assembly\/"]}]},{"@type":"ImageObject","inLanguage":"en-US","@id":"https:\/\/dc-system.dk\/en\/assembly\/#primaryimage","url":"https:\/\/dc-system.dk\/wp-content\/uploads\/2023\/03\/Sammensaetning-af-paneler.jpg","contentUrl":"https:\/\/dc-system.dk\/wp-content\/uploads\/2023\/03\/Sammensaetning-af-paneler.jpg"},{"@type":"BreadcrumbList","@id":"https:\/\/dc-system.dk\/en\/assembly\/#breadcrumb","itemListElement":[{"@type":"ListItem","position":1,"name":"Hjem","item":"https:\/\/dc-system.dk\/en\/"},{"@type":"ListItem","position":2,"name":"Assembly"}]},{"@type":"WebSite","@id":"https:\/\/dc-system.dk\/en\/#website","url":"https:\/\/dc-system.dk\/en\/","name":"DC-System Insulation A\/S","description":"Isoleringpaneler skr\u00e6ddersyet til dig: Totall\u00f8sninger fra DC-System","publisher":{"@id":"https:\/\/dc-system.dk\/en\/#organization"},"alternateName":"DC-System","potentialAction":[{"@type":"SearchAction","target":{"@type":"EntryPoint","urlTemplate":"https:\/\/dc-system.dk\/en\/?s={search_term_string}"},"query-input":{"@type":"PropertyValueSpecification","valueRequired":true,"valueName":"search_term_string"}}],"inLanguage":"en-US"},{"@type":"Organization","@id":"https:\/\/dc-system.dk\/en\/#organization","name":"DC-System Insulation A\/S","alternateName":"DC-System","url":"https:\/\/dc-system.dk\/en\/","logo":{"@type":"ImageObject","inLanguage":"en-US","@id":"https:\/\/dc-system.dk\/en\/#\/schema\/logo\/image\/","url":"https:\/\/dc-system.dk\/wp-content\/uploads\/2024\/02\/408875452_847184820741371_8654039629149664684_n.jpg","contentUrl":"https:\/\/dc-system.dk\/wp-content\/uploads\/2024\/02\/408875452_847184820741371_8654039629149664684_n.jpg","width":1244,"height":1026,"caption":"DC-System Insulation A\/S"},"image":{"@id":"https:\/\/dc-system.dk\/en\/#\/schema\/logo\/image\/"},"sameAs":["https:\/\/www.facebook.com\/dcsystem.dk","https:\/\/dk.linkedin.com\/company\/dc-system-insulation-a-s","https:\/\/www.instagram.com\/dcsystem1973"]}]}},"_links":{"self":[{"href":"https:\/\/dc-system.dk\/en\/wp-json\/wp\/v2\/pages\/3168","targetHints":{"allow":["GET"]}}],"collection":[{"href":"https:\/\/dc-system.dk\/en\/wp-json\/wp\/v2\/pages"}],"about":[{"href":"https:\/\/dc-system.dk\/en\/wp-json\/wp\/v2\/types\/page"}],"author":[{"embeddable":true,"href":"https:\/\/dc-system.dk\/en\/wp-json\/wp\/v2\/users\/2"}],"replies":[{"embeddable":true,"href":"https:\/\/dc-system.dk\/en\/wp-json\/wp\/v2\/comments?post=3168"}],"version-history":[{"count":3,"href":"https:\/\/dc-system.dk\/en\/wp-json\/wp\/v2\/pages\/3168\/revisions"}],"predecessor-version":[{"id":3171,"href":"https:\/\/dc-system.dk\/en\/wp-json\/wp\/v2\/pages\/3168\/revisions\/3171"}],"wp:attachment":[{"href":"https:\/\/dc-system.dk\/en\/wp-json\/wp\/v2\/media?parent=3168"}],"curies":[{"name":"wp","href":"https:\/\/api.w.org\/{rel}","templated":true}]}}